{"id":4084,"date":"2021-10-30T20:10:00","date_gmt":"2021-10-30T20:10:00","guid":{"rendered":""},"modified":"2023-03-06T10:03:00","modified_gmt":"2023-03-06T10:03:00","slug":"eidh-00000183","status":"publish","type":"product","link":"https:\/\/systasi.eu\/en\/product\/eidh-00000183\/","title":{"rendered":"C\u00e8dre H\u00e9ritage (Sauvignon, S\u00e9millon, Muscadelle),white"},"content":{"rendered":"","protected":false},"excerpt":{"rendered":"","protected":false},"featured_media":3816,"template":"","meta":[],"product_brand":[],"product_cat":[594],"product_tag":[],"class_list":{"0":"post-4084","1":"product","2":"type-product","3":"status-publish","4":"has-post-thumbnail","6":"product_cat-wine-en-white-en","8":"first","9":"onbackorder","10":"taxable","11":"shipping-taxable","12":"purchasable","13":"product-type-simple"},"_links":{"self":[{"href":"https:\/\/systasi.eu\/en\/wp-json\/wp\/v2\/product\/4084","targetHints":{"allow":["GET"]}}],"collection":[{"href":"https:\/\/systasi.eu\/en\/wp-json\/wp\/v2\/product"}],"about":[{"href":"https:\/\/systasi.eu\/en\/wp-json\/wp\/v2\/types\/product"}],"wp:featuredmedia":[{"embeddable":true,"href":"https:\/\/systasi.eu\/en\/wp-json\/wp\/v2\/media\/3816"}],"wp:attachment":[{"href":"https:\/\/systasi.eu\/en\/wp-json\/wp\/v2\/media?parent=4084"}],"wp:term":[{"taxonomy":"product_brand","embeddable":true,"href":"https:\/\/systasi.eu\/en\/wp-json\/wp\/v2\/product_brand?post=4084"},{"taxonomy":"product_cat","embeddable":true,"href":"https:\/\/systasi.eu\/en\/wp-json\/wp\/v2\/product_cat?post=4084"},{"taxonomy":"product_tag","embeddable":true,"href":"https:\/\/systasi.eu\/en\/wp-json\/wp\/v2\/product_tag?post=4084"}],"curies":[{"name":"wp","href":"https:\/\/api.w.org\/{rel}","templated":true}]}}